{"id":4646,"date":"2025-06-23T13:24:59","date_gmt":"2025-06-23T12:24:59","guid":{"rendered":"https:\/\/veho-dk.com\/?post_type=product&#038;p=4646"},"modified":"2026-01-26T14:14:23","modified_gmt":"2026-01-26T14:14:23","slug":"veho-quda-rohm-pj-2-smart-projektor","status":"publish","type":"product","link":"https:\/\/veho-dk.com\/en\/product\/veho-quda-rohm-pj-2-smart-projektor\/","title":{"rendered":"Veho Quda Rohm PJ-1 Rohm Smart Projektor"},"content":{"rendered":"<div class=\"wp-content wp-content--product\"><p>Veho Quda Rohm PJ-1 Rohm smartprojektoren er en hjemmebiograf i lommen. Indbygget Android TV giver adgang til en bred vifte af apps og indhold. Se film i Full HD 1080p og 4K-underst\u00f8ttet afspilning. Wi-Fi 6 sikrer en nem og hurtig forbindelse. Den har ogs\u00e5 en indbygget HDMI-indgang, der er egnet til TV-stick, spillekonsoller, pc&#8217;er, smartphones, b\u00e6rbare computere, DVD-afspillere og USB-sticks osv.<\/p>\n<p>Inkluderer str\u00f8mkabler til flere regioner og b\u00e6retaske, velegnet til rejser.<\/p>\n<\/div>","protected":false},"excerpt":{"rendered":"<ul>\n<li>Indbygget Android TV med en bred vifte af apps<\/li>\n<li>Underst\u00f8tter full HD 1080P og 4K videoafspilning<\/li>\n<li>Wi-Fi 6 for nem og hurtig forbindelse<\/li>\n<li>Inkluderer rejsetaske og multiregionale str\u00f8mstik<\/li>\n<\/ul>\n","protected":false},"featured_media":4722,"comment_status":"open","ping_status":"closed","template":"","meta":{"inline_featured_image":false},"product_brand":[],"product_cat":[173],"product_tag":[],"class_list":{"0":"post-4646","1":"product","2":"type-product","3":"status-publish","4":"has-post-thumbnail","6":"product_cat-smartprojektorer","8":"first","9":"instock","10":"shipping-taxable","11":"purchasable","12":"product-type-simple"},"acf":[],"yoast_head":"<!-- This site is optimized with the Yoast SEO plugin v27.2 - https:\/\/yoast.com\/product\/yoast-seo-wordpress\/ -->\n<title>Veho Quda Rohm PJ-1 Rohm Smart Projektor - Veho Lifestyle Store Danmark<\/title>\n<meta name=\"description\" content=\"Veho Quda Rohm PJ-2 projektoren er en hjemmebiograf i lommen. Indbygget Android TV giver adgang til en bred vifte af apps og indhold.\" \/>\n<meta name=\"robots\" content=\"index, follow, max-snippet:-1, max-image-preview:large, max-video-preview:-1\" \/>\n<link rel=\"canonical\" href=\"https:\/\/veho-dk.com\/en\/product\/veho-quda-rohm-pj-2-smart-projektor\/\" \/>\n<meta property=\"og:locale\" content=\"en_US\" \/>\n<meta property=\"og:type\" content=\"article\" \/>\n<meta property=\"og:title\" content=\"Veho Quda Rohm PJ-1 Rohm Smart Projektor - Veho Lifestyle Store Danmark\" \/>\n<meta property=\"og:description\" content=\"Veho Quda Rohm PJ-2 projektoren er en hjemmebiograf i lommen. Indbygget Android TV giver adgang til en bred vifte af apps og indhold.\" \/>\n<meta property=\"og:url\" content=\"https:\/\/veho-dk.com\/en\/product\/veho-quda-rohm-pj-2-smart-projektor\/\" \/>\n<meta property=\"og:site_name\" content=\"Veho Lifestyle Store Danmark\" \/>\n<meta property=\"article:modified_time\" content=\"2026-01-26T14:14:23+00:00\" \/>\n<meta property=\"og:image\" content=\"https:\/\/veho-dk.com\/wp-content\/uploads\/2025\/06\/Quda-Remote-Hero.png\" \/>\n\t<meta property=\"og:image:width\" content=\"600\" \/>\n\t<meta property=\"og:image:height\" content=\"600\" \/>\n\t<meta property=\"og:image:type\" content=\"image\/png\" \/>\n<meta name=\"twitter:card\" content=\"summary_large_image\" \/>\n<meta name=\"twitter:label1\" content=\"Est. reading time\" \/>\n\t<meta name=\"twitter:data1\" content=\"1 minute\" \/>\n<script type=\"application\/ld+json\" class=\"yoast-schema-graph\">{\"@context\":\"https:\/\/schema.org\",\"@graph\":[{\"@type\":\"WebPage\",\"@id\":\"https:\/\/veho-dk.com\/en\/product\/veho-quda-rohm-pj-2-smart-projektor\/\",\"url\":\"https:\/\/veho-dk.com\/en\/product\/veho-quda-rohm-pj-2-smart-projektor\/\",\"name\":\"Veho Quda Rohm PJ-1 Rohm Smart Projektor - Veho Lifestyle Store Danmark\",\"isPartOf\":{\"@id\":\"https:\/\/veho-dk.com\/en\/#website\"},\"primaryImageOfPage\":{\"@id\":\"https:\/\/veho-dk.com\/en\/product\/veho-quda-rohm-pj-2-smart-projektor\/#primaryimage\"},\"image\":{\"@id\":\"https:\/\/veho-dk.com\/en\/product\/veho-quda-rohm-pj-2-smart-projektor\/#primaryimage\"},\"thumbnailUrl\":\"https:\/\/veho-dk.com\/wp-content\/uploads\/2025\/06\/Quda-Remote-Hero.png\",\"datePublished\":\"2025-06-23T12:24:59+00:00\",\"dateModified\":\"2026-01-26T14:14:23+00:00\",\"description\":\"Veho Quda Rohm PJ-2 projektoren er en hjemmebiograf i lommen. Indbygget Android TV giver adgang til en bred vifte af apps og indhold.\",\"breadcrumb\":{\"@id\":\"https:\/\/veho-dk.com\/en\/product\/veho-quda-rohm-pj-2-smart-projektor\/#breadcrumb\"},\"inLanguage\":\"en-US\",\"potentialAction\":[{\"@type\":\"ReadAction\",\"target\":[\"https:\/\/veho-dk.com\/en\/product\/veho-quda-rohm-pj-2-smart-projektor\/\"]}]},{\"@type\":\"ImageObject\",\"inLanguage\":\"en-US\",\"@id\":\"https:\/\/veho-dk.com\/en\/product\/veho-quda-rohm-pj-2-smart-projektor\/#primaryimage\",\"url\":\"https:\/\/veho-dk.com\/wp-content\/uploads\/2025\/06\/Quda-Remote-Hero.png\",\"contentUrl\":\"https:\/\/veho-dk.com\/wp-content\/uploads\/2025\/06\/Quda-Remote-Hero.png\",\"width\":600,\"height\":600},{\"@type\":\"BreadcrumbList\",\"@id\":\"https:\/\/veho-dk.com\/en\/product\/veho-quda-rohm-pj-2-smart-projektor\/#breadcrumb\",\"itemListElement\":[{\"@type\":\"ListItem\",\"position\":1,\"name\":\"Hjem\",\"item\":\"https:\/\/veho-dk.com\/en\/\"},{\"@type\":\"ListItem\",\"position\":2,\"name\":\"Shop\",\"item\":\"https:\/\/veho-dk.com\/shop\/\"},{\"@type\":\"ListItem\",\"position\":3,\"name\":\"Veho Quda Rohm PJ-1 Rohm Smart Projektor\"}]},{\"@type\":\"WebSite\",\"@id\":\"https:\/\/veho-dk.com\/en\/#website\",\"url\":\"https:\/\/veho-dk.com\/en\/\",\"name\":\"Veho Lifestyle Store Danmark\",\"description\":\"Consumer electronics designed in the UK\",\"potentialAction\":[{\"@type\":\"SearchAction\",\"target\":{\"@type\":\"EntryPoint\",\"urlTemplate\":\"https:\/\/veho-dk.com\/en\/?s={search_term_string}\"},\"query-input\":{\"@type\":\"PropertyValueSpecification\",\"valueRequired\":true,\"valueName\":\"search_term_string\"}}],\"inLanguage\":\"en-US\"}]}<\/script>\n<!-- \/ Yoast SEO plugin. -->","yoast_head_json":{"title":"Veho Quda Rohm PJ-1 Rohm Smart Projektor - Veho Lifestyle Store Danmark","description":"Veho Quda Rohm PJ-2 projektoren er en hjemmebiograf i lommen. Indbygget Android TV giver adgang til en bred vifte af apps og indhold.","robots":{"index":"index","follow":"follow","max-snippet":"max-snippet:-1","max-image-preview":"max-image-preview:large","max-video-preview":"max-video-preview:-1"},"canonical":"https:\/\/veho-dk.com\/en\/product\/veho-quda-rohm-pj-2-smart-projektor\/","og_locale":"en_US","og_type":"article","og_title":"Veho Quda Rohm PJ-1 Rohm Smart Projektor - Veho Lifestyle Store Danmark","og_description":"Veho Quda Rohm PJ-2 projektoren er en hjemmebiograf i lommen. Indbygget Android TV giver adgang til en bred vifte af apps og indhold.","og_url":"https:\/\/veho-dk.com\/en\/product\/veho-quda-rohm-pj-2-smart-projektor\/","og_site_name":"Veho Lifestyle Store Danmark","article_modified_time":"2026-01-26T14:14:23+00:00","og_image":[{"width":600,"height":600,"url":"https:\/\/veho-dk.com\/wp-content\/uploads\/2025\/06\/Quda-Remote-Hero.png","type":"image\/png"}],"twitter_card":"summary_large_image","twitter_misc":{"Est. reading time":"1 minute"},"schema":{"@context":"https:\/\/schema.org","@graph":[{"@type":"WebPage","@id":"https:\/\/veho-dk.com\/en\/product\/veho-quda-rohm-pj-2-smart-projektor\/","url":"https:\/\/veho-dk.com\/en\/product\/veho-quda-rohm-pj-2-smart-projektor\/","name":"Veho Quda Rohm PJ-1 Rohm Smart Projektor - Veho Lifestyle Store Danmark","isPartOf":{"@id":"https:\/\/veho-dk.com\/en\/#website"},"primaryImageOfPage":{"@id":"https:\/\/veho-dk.com\/en\/product\/veho-quda-rohm-pj-2-smart-projektor\/#primaryimage"},"image":{"@id":"https:\/\/veho-dk.com\/en\/product\/veho-quda-rohm-pj-2-smart-projektor\/#primaryimage"},"thumbnailUrl":"https:\/\/veho-dk.com\/wp-content\/uploads\/2025\/06\/Quda-Remote-Hero.png","datePublished":"2025-06-23T12:24:59+00:00","dateModified":"2026-01-26T14:14:23+00:00","description":"Veho Quda Rohm PJ-2 projektoren er en hjemmebiograf i lommen. Indbygget Android TV giver adgang til en bred vifte af apps og indhold.","breadcrumb":{"@id":"https:\/\/veho-dk.com\/en\/product\/veho-quda-rohm-pj-2-smart-projektor\/#breadcrumb"},"inLanguage":"en-US","potentialAction":[{"@type":"ReadAction","target":["https:\/\/veho-dk.com\/en\/product\/veho-quda-rohm-pj-2-smart-projektor\/"]}]},{"@type":"ImageObject","inLanguage":"en-US","@id":"https:\/\/veho-dk.com\/en\/product\/veho-quda-rohm-pj-2-smart-projektor\/#primaryimage","url":"https:\/\/veho-dk.com\/wp-content\/uploads\/2025\/06\/Quda-Remote-Hero.png","contentUrl":"https:\/\/veho-dk.com\/wp-content\/uploads\/2025\/06\/Quda-Remote-Hero.png","width":600,"height":600},{"@type":"BreadcrumbList","@id":"https:\/\/veho-dk.com\/en\/product\/veho-quda-rohm-pj-2-smart-projektor\/#breadcrumb","itemListElement":[{"@type":"ListItem","position":1,"name":"Hjem","item":"https:\/\/veho-dk.com\/en\/"},{"@type":"ListItem","position":2,"name":"Shop","item":"https:\/\/veho-dk.com\/shop\/"},{"@type":"ListItem","position":3,"name":"Veho Quda Rohm PJ-1 Rohm Smart Projektor"}]},{"@type":"WebSite","@id":"https:\/\/veho-dk.com\/en\/#website","url":"https:\/\/veho-dk.com\/en\/","name":"Veho Lifestyle Store Danmark","description":"Consumer electronics designed in the UK","potentialAction":[{"@type":"SearchAction","target":{"@type":"EntryPoint","urlTemplate":"https:\/\/veho-dk.com\/en\/?s={search_term_string}"},"query-input":{"@type":"PropertyValueSpecification","valueRequired":true,"valueName":"search_term_string"}}],"inLanguage":"en-US"}]}},"jetpack_sharing_enabled":true,"_links":{"self":[{"href":"https:\/\/veho-dk.com\/en\/wp-json\/wp\/v2\/product\/4646","targetHints":{"allow":["GET"]}}],"collection":[{"href":"https:\/\/veho-dk.com\/en\/wp-json\/wp\/v2\/product"}],"about":[{"href":"https:\/\/veho-dk.com\/en\/wp-json\/wp\/v2\/types\/product"}],"replies":[{"embeddable":true,"href":"https:\/\/veho-dk.com\/en\/wp-json\/wp\/v2\/comments?post=4646"}],"wp:featuredmedia":[{"embeddable":true,"href":"https:\/\/veho-dk.com\/en\/wp-json\/wp\/v2\/media\/4722"}],"wp:attachment":[{"href":"https:\/\/veho-dk.com\/en\/wp-json\/wp\/v2\/media?parent=4646"}],"wp:term":[{"taxonomy":"product_brand","embeddable":true,"href":"https:\/\/veho-dk.com\/en\/wp-json\/wp\/v2\/product_brand?post=4646"},{"taxonomy":"product_cat","embeddable":true,"href":"https:\/\/veho-dk.com\/en\/wp-json\/wp\/v2\/product_cat?post=4646"},{"taxonomy":"product_tag","embeddable":true,"href":"https:\/\/veho-dk.com\/en\/wp-json\/wp\/v2\/product_tag?post=4646"}],"curies":[{"name":"wp","href":"https:\/\/api.w.org\/{rel}","templated":true}]}}